{"id":2864,"date":"2025-06-10T16:36:03","date_gmt":"2025-06-10T08:36:03","guid":{"rendered":"http:\/\/www.triplew-trans.cn\/?page_id=2864"},"modified":"2025-06-10T17:18:35","modified_gmt":"2025-06-10T09:18:35","slug":"elementor-2864","status":"publish","type":"page","link":"http:\/\/www.triplew-trans.cn\/?page_id=2864&lang=es","title":{"rendered":"sobre"},"content":{"rendered":"\t\t<div data-elementor-type=\"wp-page\" data-elementor-id=\"2864\" class=\"elementor elementor-2864\" data-elementor-settings=\"[]\">\n\t\t\t\t\t\t\t<div class=\"elementor-section-wrap\">\n\t\t\t\t\t\t\t<section class=\"elementor-section elementor-top-section elementor-element elementor-element-673110c elementor-section-boxed elementor-section-height-default elementor-section-height-default\" data-id=\"673110c\" data-element_type=\"section\" data-settings=\"{&quot;background_background&quot;:&quot;classic&quot;}\">\n\t\t\t\t\t\t\t<div class=\"elementor-background-overlay\"><\/div>\n\t\t\t\t\t\t\t<div class=\"elementor-container elementor-column-gap-default\">\n\t\t\t\t\t<div class=\"elementor-column elementor-col-50 elementor-top-column elementor-element elementor-element-3afb89c\" data-id=\"3afb89c\" data-element_type=\"column\">\n\t\t\t<div class=\"elementor-widget-wrap elementor-element-populated\">\n\t\t\t\t\t\t\t\t\t<\/div>\n\t\t<\/div>\n\t\t\t\t<div class=\"elementor-column elementor-col-50 elementor-top-column elementor-element elementor-element-19ff1b7\" data-id=\"19ff1b7\" data-element_type=\"column\">\n\t\t\t<div class=\"elementor-widget-wrap\">\n\t\t\t\t\t\t\t\t\t<\/div>\n\t\t<\/div>\n\t\t\t\t\t\t\t<\/div>\n\t\t<\/section>\n\t\t\t\t<section class=\"elementor-section elementor-top-section elementor-element elementor-element-78ecbb48 elementor-section-boxed elementor-section-height-default elementor-section-height-default\" data-id=\"78ecbb48\" data-element_type=\"section\">\n\t\t\t\t\t\t<div class=\"elementor-container elementor-column-gap-default\">\n\t\t\t\t\t<div class=\"elementor-column elementor-col-50 elementor-top-column elementor-element elementor-element-71a2307c\" data-id=\"71a2307c\" data-element_type=\"column\">\n\t\t\t<div class=\"elementor-widget-wrap elementor-element-populated\">\n\t\t\t\t\t\t\t\t<div class=\"elementor-element elementor-element-306a8846 elementor-widget elementor-widget-heading\" data-id=\"306a8846\" data-element_type=\"widget\" data-widget_type=\"heading.default\">\n\t\t\t\t<div class=\"elementor-widget-container\">\n\t\t\t<h2 class=\"elementor-heading-title elementor-size-default\">\u00bfQU\u00c9 PODEMOS HACER?<\/h2>\t\t<\/div>\n\t\t\t\t<\/div>\n\t\t\t\t<div class=\"elementor-element elementor-element-82f4248 elementor-widget elementor-widget-text-editor\" data-id=\"82f4248\" data-element_type=\"widget\" data-widget_type=\"text-editor.default\">\n\t\t\t\t<div class=\"elementor-widget-container\">\n\t\t\t\t\t<div class=\"elementor-text-editor elementor-clearfix\"><p>Nuestros servicios de transporte a\u00e9reo garantizan que sus env\u00edos se entreguen de manera r\u00e1pida y segura a cualquier parte del mundo. Con una s\u00f3lida red global y manejo experto, ofrecemos soluciones de transporte a\u00e9reo eficientes y rentables.<\/p><\/div>\n\t\t\t\t<\/div>\n\t\t\t\t<\/div>\n\t\t\t\t<div class=\"elementor-element elementor-element-178687d elementor-widget elementor-widget-spacer\" data-id=\"178687d\" data-element_type=\"widget\" data-widget_type=\"spacer.default\">\n\t\t\t\t<div class=\"elementor-widget-container\">\n\t\t\t\t\t<div class=\"elementor-spacer\">\n\t\t\t<div class=\"elementor-spacer-inner\"><\/div>\n\t\t<\/div>\n\t\t\t\t<\/div>\n\t\t\t\t<\/div>\n\t\t\t\t\t<\/div>\n\t\t<\/div>\n\t\t\t\t<div class=\"elementor-column elementor-col-50 elementor-top-column elementor-element elementor-element-11be0c8c\" data-id=\"11be0c8c\" data-element_type=\"column\">\n\t\t\t<div class=\"elementor-widget-wrap elementor-element-populated\">\n\t\t\t\t\t\t\t\t<div class=\"elementor-element elementor-element-a9927cb elementor-icon-list--layout-traditional elementor-list-item-link-full_width elementor-widget elementor-widget-icon-list\" data-id=\"a9927cb\" data-element_type=\"widget\" data-widget_type=\"icon-list.default\">\n\t\t\t\t<div class=\"elementor-widget-container\">\n\t\t\t\t\t<ul class=\"elementor-icon-list-items\">\n\t\t\t\t\t\t\t<li class=\"elementor-icon-list-item\">\n\t\t\t\t\t\t\t\t\t\t\t<span class=\"elementor-icon-list-icon\">\n\t\t\t\t\t\t\t<i aria-hidden=\"true\" class=\"fas fa-check\"><\/i>\t\t\t\t\t\t<\/span>\n\t\t\t\t\t\t\t\t\t\t<span class=\"elementor-icon-list-text\"><\/span>\n\t\t\t\t\t\t\t\t\t<\/li>\n\t\t\t\t\t\t<\/ul>\n\t\t\t\t<\/div>\n\t\t\t\t<\/div>\n\t\t\t\t\t<\/div>\n\t\t<\/div>\n\t\t\t\t\t\t\t<\/div>\n\t\t<\/section>\n\t\t\t\t<section class=\"elementor-section elementor-top-section elementor-element elementor-element-20d4cc7 elementor-section-boxed elementor-section-height-default elementor-section-height-default\" data-id=\"20d4cc7\" data-element_type=\"section\">\n\t\t\t\t\t\t<div class=\"elementor-container elementor-column-gap-default\">\n\t\t\t\t\t<div class=\"elementor-column elementor-col-100 elementor-top-column elementor-element elementor-element-0b059cd\" data-id=\"0b059cd\" data-element_type=\"column\">\n\t\t\t<div class=\"elementor-widget-wrap elementor-element-populated\">\n\t\t\t\t\t\t\t\t<div class=\"elementor-element elementor-element-b7d7722 elementor-widget elementor-widget-image-gallery\" data-id=\"b7d7722\" data-element_type=\"widget\" data-widget_type=\"image-gallery.default\">\n\t\t\t\t<div class=\"elementor-widget-container\">\n\t\t\t\t\t<div class=\"elementor-image-gallery\">\n\t\t\t<div id='gallery-1' class='gallery galleryid-2864 gallery-columns-3 gallery-size-full'><figure class='gallery-item'>\n\t\t\t<div class='gallery-icon landscape'>\n\t\t\t\t<a data-elementor-open-lightbox=\"yes\" data-elementor-lightbox-slideshow=\"b7d7722\" data-elementor-lightbox-title=\"4\" href='http:\/\/www.triplew-trans.cn\/wp-content\/uploads\/2021\/03\/4-1.jpg'><img loading=\"lazy\" decoding=\"async\" width=\"356\" height=\"356\" src=\"http:\/\/www.triplew-trans.cn\/wp-content\/uploads\/2021\/03\/4-1.jpg\" class=\"attachment-full size-full\" alt=\"\" srcset=\"http:\/\/www.triplew-trans.cn\/wp-content\/uploads\/2021\/03\/4-1.jpg 356w, http:\/\/www.triplew-trans.cn\/wp-content\/uploads\/2021\/03\/4-1-300x300.jpg 300w, http:\/\/www.triplew-trans.cn\/wp-content\/uploads\/2021\/03\/4-1-150x150.jpg 150w\" sizes=\"(max-width: 356px) 100vw, 356px\" \/><\/a>\n\t\t\t<\/div><\/figure><figure class='gallery-item'>\n\t\t\t<div class='gallery-icon landscape'>\n\t\t\t\t<a data-elementor-open-lightbox=\"yes\" data-elementor-lightbox-slideshow=\"b7d7722\" data-elementor-lightbox-title=\"5\" href='http:\/\/www.triplew-trans.cn\/wp-content\/uploads\/2021\/03\/5-1.jpg'><img loading=\"lazy\" decoding=\"async\" width=\"356\" height=\"356\" src=\"http:\/\/www.triplew-trans.cn\/wp-content\/uploads\/2021\/03\/5-1.jpg\" class=\"attachment-full size-full\" alt=\"\" srcset=\"http:\/\/www.triplew-trans.cn\/wp-content\/uploads\/2021\/03\/5-1.jpg 356w, http:\/\/www.triplew-trans.cn\/wp-content\/uploads\/2021\/03\/5-1-300x300.jpg 300w, http:\/\/www.triplew-trans.cn\/wp-content\/uploads\/2021\/03\/5-1-150x150.jpg 150w\" sizes=\"(max-width: 356px) 100vw, 356px\" \/><\/a>\n\t\t\t<\/div><\/figure><figure class='gallery-item'>\n\t\t\t<div class='gallery-icon landscape'>\n\t\t\t\t<a data-elementor-open-lightbox=\"yes\" data-elementor-lightbox-slideshow=\"b7d7722\" data-elementor-lightbox-title=\"14\" href='http:\/\/www.triplew-trans.cn\/wp-content\/uploads\/2021\/03\/14-1.jpg'><img loading=\"lazy\" decoding=\"async\" width=\"356\" height=\"356\" src=\"http:\/\/www.triplew-trans.cn\/wp-content\/uploads\/2021\/03\/14-1.jpg\" class=\"attachment-full size-full\" alt=\"\" srcset=\"http:\/\/www.triplew-trans.cn\/wp-content\/uploads\/2021\/03\/14-1.jpg 356w, http:\/\/www.triplew-trans.cn\/wp-content\/uploads\/2021\/03\/14-1-300x300.jpg 300w, http:\/\/www.triplew-trans.cn\/wp-content\/uploads\/2021\/03\/14-1-150x150.jpg 150w\" sizes=\"(max-width: 356px) 100vw, 356px\" \/><\/a>\n\t\t\t<\/div><\/figure>\n\t\t<\/div>\n\t\t<\/div>\n\t\t\t\t<\/div>\n\t\t\t\t<\/div>\n\t\t\t\t\t<\/div>\n\t\t<\/div>\n\t\t\t\t\t\t\t<\/div>\n\t\t<\/section>\n\t\t\t\t<section class=\"elementor-section elementor-top-section elementor-element elementor-element-0ddfa0c elementor-section-boxed elementor-section-height-default elementor-section-height-default\" data-id=\"0ddfa0c\" data-element_type=\"section\">\n\t\t\t\t\t\t<div class=\"elementor-container elementor-column-gap-default\">\n\t\t\t\t\t<div class=\"elementor-column elementor-col-100 elementor-top-column elementor-element elementor-element-0211ab4\" data-id=\"0211ab4\" data-element_type=\"column\">\n\t\t\t<div class=\"elementor-widget-wrap elementor-element-populated\">\n\t\t\t\t\t\t\t\t<div class=\"elementor-element elementor-element-4934e19 elementor-widget elementor-widget-text-editor\" data-id=\"4934e19\" data-element_type=\"widget\" data-widget_type=\"text-editor.default\">\n\t\t\t\t<div class=\"elementor-widget-container\">\n\t\t\t\t\t<div class=\"elementor-text-editor elementor-clearfix\"><h1>\u00a0<\/h1><h1>\u00bfPor qu\u00e9 Elegir Nuestro Transporte A\u00e9reo?<\/h1><ul><li data-start=\"331\" data-end=\"410\"><p data-start=\"0\" data-end=\"91\"><strong data-start=\"0\" data-end=\"14\">Red Global<\/strong> \u2014 Cobertura de los principales aeropuertos y rutas de vuelo en todo el mundo<\/p><p data-start=\"93\" data-end=\"169\"><strong data-start=\"93\" data-end=\"122\">Velocidad y Confiabilidad<\/strong> \u2014 Entrega r\u00e1pida con servicio puntual y fiable<\/p><p data-start=\"171\" data-end=\"274\"><strong data-start=\"171\" data-end=\"195\">Soluciones Flexibles<\/strong> \u2014 M\u00faltiples opciones de transporte adaptadas a diferentes necesidades de carga<\/p><p data-start=\"276\" data-end=\"366\"><strong data-start=\"276\" data-end=\"306\">Apoyo en Despacho Aduanero<\/strong> \u2014 Servicios profesionales de aduanas para minimizar demoras<\/p><p data-start=\"333\" data-end=\"410\">\u00a0<\/p><p data-start=\"368\" data-end=\"446\" data-is-last-node=\"\" data-is-only-node=\"\"><strong data-start=\"368\" data-end=\"398\">Seguimiento en Tiempo Real<\/strong> \u2014 Monitoreo del estado del env\u00edo en tiempo real<\/p><\/li><li data-start=\"582\" data-end=\"666\">\u00a0<\/li><li data-start=\"667\" data-end=\"733\"><p data-start=\"669\" data-end=\"733\">\u00a0<\/p><\/li><\/ul><div><h2 data-start=\"740\" data-end=\"767\">Nuestros Servicios de Transporte A\u00e9reo<\/h2><ul><li data-start=\"769\" data-end=\"841\"><p data-start=\"0\" data-end=\"69\"><strong data-start=\"0\" data-end=\"18\">Entrega Expr\u00e9s<\/strong> \u2014 Servicio expr\u00e9s prioritario para env\u00edos urgentes<\/p><p data-start=\"71\" data-end=\"154\"><strong data-start=\"71\" data-end=\"100\">Transporte A\u00e9reo Est\u00e1ndar<\/strong> \u2014 Transporte a\u00e9reo rentable con velocidad equilibrada<\/p><p data-start=\"156\" data-end=\"237\"><strong data-start=\"156\" data-end=\"184\">Manejo de Carga Especial<\/strong> \u2014 Manejo de cargas fr\u00e1giles, peligrosas y especiales<\/p><p data-start=\"771\" data-end=\"841\">\u00a0<\/p><p data-start=\"239\" data-end=\"311\" data-is-last-node=\"\" data-is-only-node=\"\"><strong data-start=\"239\" data-end=\"267\">Servicio Puerta a Puerta<\/strong> \u2014 Recogida y entrega c\u00f3moda en su domicilio<\/p><\/li><\/ul><h2 data-start=\"1088\" data-end=\"1103\">C\u00f3mo Funciona<\/h2><ul data-start=\"1105\" data-end=\"1494\"><li data-start=\"1105\" data-end=\"1171\"><p data-start=\"29\" data-end=\"94\"><strong data-start=\"29\" data-end=\"55\">Consulta de Requisitos<\/strong> \u2014 Entender las necesidades de su env\u00edo<\/p><p data-start=\"96\" data-end=\"161\"><strong data-start=\"96\" data-end=\"126\">Confirmaci\u00f3n de Cotizaci\u00f3n<\/strong> \u2014 Proporcionar y confirmar precios<\/p><p data-start=\"163\" data-end=\"221\"><strong data-start=\"163\" data-end=\"184\">Recogida de Carga<\/strong> \u2014 Recoger mercanc\u00edas en su ubicaci\u00f3n<\/p><p data-start=\"223\" data-end=\"289\"><strong data-start=\"223\" data-end=\"243\">Transporte A\u00e9reo<\/strong> \u2014 Env\u00edo realizado por las rutas seleccionadas<\/p><p data-start=\"291\" data-end=\"358\"><strong data-start=\"291\" data-end=\"322\">Despacho Aduanero y Entrega<\/strong> \u2014 Gestionar aduanas y entrega final<\/p><p data-start=\"0\" data-end=\"61\">\u00a0<\/p><p data-start=\"360\" data-end=\"439\"><strong data-start=\"360\" data-end=\"389\">Finalizaci\u00f3n del Servicio<\/strong> \u2014 Confirmar la llegada del env\u00edo y cerrar el caso<\/p><\/li><li data-start=\"1425\" data-end=\"1494\">\u00a0<\/li><\/ul><\/div><\/div>\n\t\t\t\t<\/div>\n\t\t\t\t<\/div>\n\t\t\t\t\t<\/div>\n\t\t<\/div>\n\t\t\t\t\t\t\t<\/div>\n\t\t<\/section>\n\t\t\t\t<section class=\"elementor-section elementor-top-section elementor-element elementor-element-6bf0eca elementor-section-boxed elementor-section-height-default elementor-section-height-default\" data-id=\"6bf0eca\" data-element_type=\"section\">\n\t\t\t\t\t\t<div class=\"elementor-container elementor-column-gap-default\">\n\t\t\t\t\t<div class=\"elementor-column elementor-col-100 elementor-top-column elementor-element elementor-element-faf6c2a\" data-id=\"faf6c2a\" data-element_type=\"column\" data-settings=\"{&quot;background_background&quot;:&quot;classic&quot;}\">\n\t\t\t<div class=\"elementor-widget-wrap\">\n\t\t\t\t\t\t\t\t\t<\/div>\n\t\t<\/div>\n\t\t\t\t\t\t\t<\/div>\n\t\t<\/section>\n\t\t\t\t<section class=\"elementor-section elementor-top-section elementor-element elementor-element-e0af778 elementor-section-boxed elementor-section-height-default elementor-section-height-default\" data-id=\"e0af778\" data-element_type=\"section\" data-settings=\"{&quot;background_background&quot;:&quot;classic&quot;}\">\n\t\t\t\t\t\t\t<div class=\"elementor-background-overlay\"><\/div>\n\t\t\t\t\t\t\t<div class=\"elementor-container elementor-column-gap-default\">\n\t\t\t\t\t<div class=\"elementor-column elementor-col-100 elementor-top-column elementor-element elementor-element-4cc0e4b\" data-id=\"4cc0e4b\" data-element_type=\"column\">\n\t\t\t<div class=\"elementor-widget-wrap elementor-element-populated\">\n\t\t\t\t\t\t\t\t<div class=\"elementor-element elementor-element-2ce1354 elementor-widget elementor-widget-heading\" data-id=\"2ce1354\" data-element_type=\"widget\" data-widget_type=\"heading.default\">\n\t\t\t\t<div class=\"elementor-widget-container\">\n\t\t\t<h2 class=\"elementor-heading-title elementor-size-default\">\u00bfListo para Hacer Crecer su Negocio?<\/h2>\t\t<\/div>\n\t\t\t\t<\/div>\n\t\t\t\t<div class=\"elementor-element elementor-element-3fac953 elementor-widget elementor-widget-text-editor\" data-id=\"3fac953\" data-element_type=\"widget\" data-widget_type=\"text-editor.default\">\n\t\t\t\t<div class=\"elementor-widget-container\">\n\t\t\t\t\t<div class=\"elementor-text-editor elementor-clearfix\"><p>Nuestro Compromiso: Eficiencia log\u00edstica garantizada dondequiera que est\u00e9.<\/p><\/div>\n\t\t\t\t<\/div>\n\t\t\t\t<\/div>\n\t\t\t\t<div class=\"elementor-element elementor-element-704e282 elementor-align-center elementor-widget elementor-widget-button\" data-id=\"704e282\" data-element_type=\"widget\" data-widget_type=\"button.default\">\n\t\t\t\t<div class=\"elementor-widget-container\">\n\t\t\t\t\t<div class=\"elementor-button-wrapper\">\n\t\t\t<a href=\"#\" class=\"elementor-button-link elementor-button elementor-size-md\" role=\"button\">\n\t\t\t\t\t\t<span class=\"elementor-button-content-wrapper\">\n\t\t\t\t\t\t<span class=\"elementor-button-text\">Get Started<\/span>\n\t\t<\/span>\n\t\t\t\t\t<\/a>\n\t\t<\/div>\n\t\t\t\t<\/div>\n\t\t\t\t<\/div>\n\t\t\t\t\t<\/div>\n\t\t<\/div>\n\t\t\t\t\t\t\t<\/div>\n\t\t<\/section>\n\t\t\t\t<footer class=\"elementor-section elementor-top-section elementor-element elementor-element-5655fd2 elementor-section-height-min-height elementor-section-content-top elementor-section-boxed elementor-section-height-default elementor-section-items-middle\" data-id=\"5655fd2\" data-element_type=\"section\" data-settings=\"{&quot;background_background&quot;:&quot;classic&quot;}\">\n\t\t\t\t\t\t<div class=\"elementor-container elementor-column-gap-default\">\n\t\t\t\t\t<div class=\"elementor-column elementor-col-50 elementor-top-column elementor-element elementor-element-4a758bd\" data-id=\"4a758bd\" data-element_type=\"column\">\n\t\t\t<div class=\"elementor-widget-wrap elementor-element-populated\">\n\t\t\t\t\t\t\t\t<div class=\"elementor-element elementor-element-0358405 elementor-widget elementor-widget-heading\" data-id=\"0358405\" data-element_type=\"widget\" data-widget_type=\"heading.default\">\n\t\t\t\t<div class=\"elementor-widget-container\">\n\t\t\t<h1 class=\"elementor-heading-title elementor-size-xxl\">Worldwide Way<\/h1>\t\t<\/div>\n\t\t\t\t<\/div>\n\t\t\t\t<div class=\"elementor-element elementor-element-d02aa46 elementor-widget elementor-widget-text-editor\" data-id=\"d02aa46\" data-element_type=\"widget\" data-widget_type=\"text-editor.default\">\n\t\t\t\t<div class=\"elementor-widget-container\">\n\t\t\t\t\t<div class=\"elementor-text-editor elementor-clearfix\"><p>Its philosophy aims at integrazing Sea Freight, Air Freight, International Inland Haulage(Transportation) to complete the comprehensive logistics services assures accuracy, fast, convenience and profession.<\/p><\/div>\n\t\t\t\t<\/div>\n\t\t\t\t<\/div>\n\t\t\t\t<div class=\"elementor-element elementor-element-0739d9c elementor-widget elementor-widget-text-editor\" data-id=\"0739d9c\" data-element_type=\"widget\" data-widget_type=\"text-editor.default\">\n\t\t\t\t<div class=\"elementor-widget-container\">\n\t\t\t\t\t<div class=\"elementor-text-editor elementor-clearfix\"><p><strong>Contact\u00a0 Us<\/strong><\/p><p>ROOM 506 LIYUAN BUILDING,NO.177 LONGCHENG AVENUE,LONGGANG DISCTRICT,SHENZHEN,CHINA<\/p><p>E-mail\uff1a <a style=\"color: #fff;\" href=\"mailto:admin@triplew-trans.com\">admin@triplew-trans.com\u00a0<\/a><\/p><\/div>\n\t\t\t\t<\/div>\n\t\t\t\t<\/div>\n\t\t\t\t\t<\/div>\n\t\t<\/div>\n\t\t\t\t<div class=\"elementor-column elementor-col-25 elementor-top-column elementor-element elementor-element-eb37a9e\" data-id=\"eb37a9e\" data-element_type=\"column\">\n\t\t\t<div class=\"elementor-widget-wrap elementor-element-populated\">\n\t\t\t\t\t\t\t\t<div class=\"elementor-element elementor-element-df0e139 elementor-widget elementor-widget-heading\" data-id=\"df0e139\" data-element_type=\"widget\" data-widget_type=\"heading.default\">\n\t\t\t\t<div class=\"elementor-widget-container\">\n\t\t\t<h2 class=\"elementor-heading-title elementor-size-medium\">COMPANY<\/h2>\t\t<\/div>\n\t\t\t\t<\/div>\n\t\t\t\t<div class=\"elementor-element elementor-element-c25466d elementor-widget elementor-widget-text-editor\" data-id=\"c25466d\" data-element_type=\"widget\" data-widget_type=\"text-editor.default\">\n\t\t\t\t<div class=\"elementor-widget-container\">\n\t\t\t\t\t<div class=\"elementor-text-editor elementor-clearfix\"><ul><li><a style=\"color: #fff;\" href=\"http:\/\/www.triplew-trans.cn\/\">Home<\/a><\/li><li><a style=\"color: #fff;\" href=\"http:\/\/www.triplew-trans.cn\/aboutus\/\">About Us<\/a><\/li><li><a style=\"color: #fff;\" href=\"http:\/\/www.triplew-trans.cn\/ourservices\/\">Our Services<\/a><\/li><li><a style=\"color: #fff;\" href=\"http:\/\/www.triplew-trans.cn\/contactus\/\">Contact Us\u00a0<\/a><\/li><\/ul><div>\u00a0<\/div><div>\u00a0<\/div><div>\u00a0<\/div><div>\u00a0<\/div><div>\u00a0<\/div><div>\u00a0<\/div><div>\u00a0<\/div><\/div>\n\t\t\t\t<\/div>\n\t\t\t\t<\/div>\n\t\t\t\t\t<\/div>\n\t\t<\/div>\n\t\t\t\t<div class=\"elementor-column elementor-col-25 elementor-top-column elementor-element elementor-element-6702658\" data-id=\"6702658\" data-element_type=\"column\">\n\t\t\t<div class=\"elementor-widget-wrap elementor-element-populated\">\n\t\t\t\t\t\t\t\t<div class=\"elementor-element elementor-element-8a9baf8 elementor-widget elementor-widget-heading\" data-id=\"8a9baf8\" data-element_type=\"widget\" data-widget_type=\"heading.default\">\n\t\t\t\t<div class=\"elementor-widget-container\">\n\t\t\t<h2 class=\"elementor-heading-title elementor-size-medium\">SERVICES<\/h2>\t\t<\/div>\n\t\t\t\t<\/div>\n\t\t\t\t<div class=\"elementor-element elementor-element-182bb23 elementor-widget elementor-widget-text-editor\" data-id=\"182bb23\" data-element_type=\"widget\" data-widget_type=\"text-editor.default\">\n\t\t\t\t<div class=\"elementor-widget-container\">\n\t\t\t\t\t<div class=\"elementor-text-editor elementor-clearfix\"><ul><li><a style=\"color: #fff;\" href=\"http:\/\/www.triplew-trans.cn\/airfreight\/\">Air Freight<\/a><\/li><li><a style=\"color: #fff;\" href=\"http:\/\/www.triplew-trans.cn\/seafreight\/\">Sea Freight<\/a><\/li><li><a style=\"color: #fff;\" href=\"http:\/\/www.triplew-trans.cn\/groundtransportation\/\">Ground Transportation<\/a><\/li><li><a style=\"color: #fff;\" href=\"http:\/\/www.triplew-trans.cn\/warehouse\/\">Warehouse<\/a><\/li><li><a style=\"color: #fff;\" href=\"http:\/\/www.triplew-trans.cn\/projectspecialcargos\/\">Project &amp; Special Cargos<\/a><\/li><\/ul><p>\u00a0<\/p><p>\u00a0\u00a0<\/p><p>\u00a0<\/p><\/div>\n\t\t\t\t<\/div>\n\t\t\t\t<\/div>\n\t\t\t\t\t<\/div>\n\t\t<\/div>\n\t\t\t\t\t\t\t<\/div>\n\t\t<\/footer>\n\t\t\t\t\t\t<\/div>\n\t\t\t\t\t<\/div>\n\t\t","protected":false},"excerpt":{"rendered":"<p>\u00bfQU\u00c9 PODEMOS HACER?  [&hellip;]<\/p>\n","protected":false},"author":1,"featured_media":0,"parent":0,"menu_order":0,"comment_status":"closed","ping_status":"closed","template":"","meta":{"site-sidebar-layout":"no-sidebar","site-content-layout":"","ast-site-content-layout":"full-width-container","site-content-style":"default","site-sidebar-style":"default","ast-global-header-display":"","ast-banner-title-visibility":"","ast-main-header-display":"","ast-hfb-above-header-display":"","ast-hfb-below-header-display":"","ast-hfb-mobile-header-display":"","site-post-title":"disabled","ast-breadcrumbs-content":"","ast-featured-img":"disabled","footer-sml-layout":"","theme-transparent-header-meta":"","adv-header-id-meta":"","stick-header-meta":"","header-above-stick-meta":"","header-main-stick-meta":"","header-below-stick-meta":"","astra-migrate-meta-layouts":"default","ast-page-background-enabled":"default","ast-page-background-meta":{"desktop":{"background-color":"var(--ast-global-color-5)","background-image":"","background-repeat":"repeat","background-position":"center center","background-size":"auto","background-attachment":"scroll","background-type":"","background-media":"","overlay-type":"","overlay-color":"","overlay-opacity":"","overlay-gradient":""},"tablet":{"background-color":"","background-image":"","background-repeat":"repeat","background-position":"center center","background-size":"auto","background-attachment":"scroll","background-type":"","background-media":"","overlay-type":"","overlay-color":"","overlay-opacity":"","overlay-gradient":""},"mobile":{"background-color":"","background-image":"","background-repeat":"repeat","background-position":"center center","background-size":"auto","background-attachment":"scroll","background-type":"","background-media":"","overlay-type":"","overlay-color":"","overlay-opacity":"","overlay-gradient":""}},"ast-content-background-meta":{"desktop":{"background-color":"var(--ast-global-color-4)","background-image":"","background-repeat":"repeat","background-position":"center center","background-size":"auto","background-attachment":"scroll","background-type":"","background-media":"","overlay-type":"","overlay-color":"","overlay-opacity":"","overlay-gradient":""},"tablet":{"background-color":"var(--ast-global-color-4)","background-image":"","background-repeat":"repeat","background-position":"center center","background-size":"auto","background-attachment":"scroll","background-type":"","background-media":"","overlay-type":"","overlay-color":"","overlay-opacity":"","overlay-gradient":""},"mobile":{"background-color":"var(--ast-global-color-4)","background-image":"","background-repeat":"repeat","background-position":"center center","background-size":"auto","background-attachment":"scroll","background-type":"","background-media":"","overlay-type":"","overlay-color":"","overlay-opacity":"","overlay-gradient":""}},"_kadence_starter_templates_imported_post":false,"footnotes":""},"class_list":["post-2864","page","type-page","status-publish","hentry"],"_links":{"self":[{"href":"http:\/\/www.triplew-trans.cn\/index.php?rest_route=\/wp\/v2\/pages\/2864"}],"collection":[{"href":"http:\/\/www.triplew-trans.cn\/index.php?rest_route=\/wp\/v2\/pages"}],"about":[{"href":"http:\/\/www.triplew-trans.cn\/index.php?rest_route=\/wp\/v2\/types\/page"}],"author":[{"embeddable":true,"href":"http:\/\/www.triplew-trans.cn\/index.php?rest_route=\/wp\/v2\/users\/1"}],"replies":[{"embeddable":true,"href":"http:\/\/www.triplew-trans.cn\/index.php?rest_route=%2Fwp%2Fv2%2Fcomments&post=2864"}],"version-history":[{"count":8,"href":"http:\/\/www.triplew-trans.cn\/index.php?rest_route=\/wp\/v2\/pages\/2864\/revisions"}],"predecessor-version":[{"id":2881,"href":"http:\/\/www.triplew-trans.cn\/index.php?rest_route=\/wp\/v2\/pages\/2864\/revisions\/2881"}],"wp:attachment":[{"href":"http:\/\/www.triplew-trans.cn\/index.php?rest_route=%2Fwp%2Fv2%2Fmedia&parent=2864"}],"curies":[{"name":"wp","href":"https:\/\/api.w.org\/{rel}","templated":true}]}}